{"id":68,"date":"2019-04-23T14:03:59","date_gmt":"2019-04-23T12:03:59","guid":{"rendered":"http:\/\/www.vipercom.pl\/vipercom\/?page_id=68"},"modified":"2020-12-20T14:26:10","modified_gmt":"2020-12-20T13:26:10","slug":"kontakt","status":"publish","type":"page","link":"http:\/\/www.vipercom.pl\/index.php\/kontakt\/","title":{"rendered":"Kontakt"},"content":{"rendered":"\n<p><strong>Sprz\u0119t komputerowy, serwis kserokopiarek, strony WWW:<\/strong><br> Krzysztof Urbanek<br> tel. 602 835 939<br> email: <a href=\"mailto:krzysiek@vipercom.pl\">krzysiek@vipercom.pl<\/a><\/p>\n\n\n\n<p><strong>Projektowanie stron WWW, projekty graficzne, poligrafia:<\/strong><br> Konrad Popio\u0142ek<br> tel. 501 027 751<br> email: <a href=\"mailto:konrad@vipercom.pl\">konrad@vipercom.pl<\/a><\/p>\n\n\n\n<p><strong>ZAPRASZAMY DO WSP\u00d3\u0141PRACY<\/strong><\/p>\n","protected":false},"excerpt":{"rendered":"<p>Sprz\u0119t komputerowy, serwis kserokopiarek, strony WWW: Krzysztof Urbanek tel. 602 835 939 email: krzysiek@vipercom.pl Projektowanie stron WWW, projekty graficzne, poligrafia: Konrad Popio\u0142ek tel. 501 027 751 email: konrad@vipercom.pl ZAPRASZAMY DO WSP\u00d3\u0141PRACY<\/p>\n","protected":false},"author":1,"featured_media":0,"parent":0,"menu_order":0,"comment_status":"closed","ping_status":"closed","template":"","meta":{"footnotes":""},"_links":{"self":[{"href":"http:\/\/www.vipercom.pl\/index.php\/wp-json\/wp\/v2\/pages\/68"}],"collection":[{"href":"http:\/\/www.vipercom.pl\/index.php\/wp-json\/wp\/v2\/pages"}],"about":[{"href":"http:\/\/www.vipercom.pl\/index.php\/wp-json\/wp\/v2\/types\/page"}],"author":[{"embeddable":true,"href":"http:\/\/www.vipercom.pl\/index.php\/wp-json\/wp\/v2\/users\/1"}],"replies":[{"embeddable":true,"href":"http:\/\/www.vipercom.pl\/index.php\/wp-json\/wp\/v2\/comments?post=68"}],"version-history":[{"count":5,"href":"http:\/\/www.vipercom.pl\/index.php\/wp-json\/wp\/v2\/pages\/68\/revisions"}],"predecessor-version":[{"id":374,"href":"http:\/\/www.vipercom.pl\/index.php\/wp-json\/wp\/v2\/pages\/68\/revisions\/374"}],"wp:attachment":[{"href":"http:\/\/www.vipercom.pl\/index.php\/wp-json\/wp\/v2\/media?parent=68"}],"curies":[{"name":"wp","href":"https:\/\/api.w.org\/{rel}","templated":true}]}}