{"id":38,"date":"2019-04-23T10:26:23","date_gmt":"2019-04-23T08:26:23","guid":{"rendered":"http:\/\/www.vipercom.pl\/vipercom\/?page_id=38"},"modified":"2019-04-29T11:54:48","modified_gmt":"2019-04-29T09:54:48","slug":"home","status":"publish","type":"page","link":"http:\/\/www.vipercom.pl\/index.php\/home\/","title":{"rendered":"Oferta"},"content":{"rendered":"\n<p>Projektujemy, tworzymy, kompleksowo realizujemy oraz wdra\u017camy projekty i rozwi\u0105zania bran\u017cy IT.  Nasza wsp\u00f3\u0142praca z klientem oparta jest na zasadzie wsp\u00f3\u0142tworzenia projekt\u00f3w, co zapewnia sukces ko\u0144cowego efektu.   W zale\u017cno\u015bci od typu zlecenia ustalamy zakres i specyfikacj\u0119 projektu, za\u0142o\u017cenia pocz\u0105tkowe i ko\u0144cowe, przygotowujemy og\u00f3lny zarys zlecenia, wykonujemy projekt  graficzny identyfikacji wizualnej. Wszystko to na miar\u0119 potrzeb naszych Klient\u00f3w.<\/p>\n\n\n\n<p><strong>W swojej ofercie posiadamy i zajmujemy si\u0119:<\/strong><\/p>\n\n\n\n<ul><li><strong>projektowaniem stron WWW<\/strong> oparte na CMS;<\/li><li><strong>wdra\u017caniem sklep\u00f3w internetowych<\/strong>;<\/li><li><strong>tworzeniem projekt\u00f3w graficznych:<\/strong> wizyt\u00f3wki, ulotki, plakaty, szyldy, kalendarze;<\/li><li><strong>przygotowaniem reklamy wielkoformatowej:<\/strong> billboard&#8217;y, banery, na samoch\u00f3d; <\/li><li><strong>identyfikacj\u0105 wizualn\u0105:<\/strong> logotypy, papier firmowy; <\/li><li><strong>firmowe gad\u017cety reklamowe:<\/strong> kubki, d\u0142ugopisy, smycze, zegary \u015bcienne z logo firmy;<\/li><li><strong>projekty graficzne nietypowe:<\/strong> naklejki, karnety, vouchery upominkowe; <\/li><li><strong>szybk\u0105 i sprawn\u0105 obs\u0142ug\u0105 informatyczn\u0105<\/strong> klient\u00f3w indywidualnych oraz firm;<\/li><li><strong>tworzeniem prostych aplikacji bazodanowych<\/strong> z wykorzystaniem j\u0119zyka skryptowego PHP oraz bazy MySQL;<\/li><li><strong>przygotowywaniem zestaw\u00f3w komputerowych<\/strong> na miar\u0119 twoich potrzeb i mo\u017cliwo\u015bci;<\/li><li><strong>serwisem, modernizacj\u0105 sprz\u0119tu komputerowego;<\/strong><\/li><li><strong>naprawami, przegl\u0105dami, konserwacj\u0105 sprz\u0119tu biurowego:<\/strong> kserokopiarki, niszczarki, drukarki oraz inne urz\u0105dzenia elektrotechniczne;<\/li><li><strong>projektowaniem i wykonawstwem sieci komputerowych LAN:<\/strong> przewodowych oraz bezprzewodowych (Wi-Fi) z pod\u0142\u0105czeniem do internetu poprzez dowolnego dostawc\u0119 us\u0142ug internetowych (ISP); <\/li><\/ul>\n","protected":false},"excerpt":{"rendered":"<p>Projektujemy, tworzymy, kompleksowo realizujemy oraz wdra\u017camy projekty i rozwi\u0105zania bran\u017cy IT. Nasza wsp\u00f3\u0142praca z klientem oparta jest na zasadzie wsp\u00f3\u0142tworzenia projekt\u00f3w, co zapewnia sukces ko\u0144cowego efektu. W zale\u017cno\u015bci od typu zlecenia ustalamy zakres i specyfikacj\u0119 projektu, za\u0142o\u017cenia pocz\u0105tkowe i ko\u0144cowe, przygotowujemy og\u00f3lny zarys zlecenia, wykonujemy projekt graficzny identyfikacji wizualnej. Wszystko to na miar\u0119 potrzeb naszych<\/p>\n<p class=\"more-link\"><a href=\"http:\/\/www.vipercom.pl\/index.php\/home\/\" class=\"themebutton2\">Read More<\/a><\/p>\n","protected":false},"author":1,"featured_media":0,"parent":0,"menu_order":0,"comment_status":"closed","ping_status":"closed","template":"","meta":{"footnotes":""},"_links":{"self":[{"href":"http:\/\/www.vipercom.pl\/index.php\/wp-json\/wp\/v2\/pages\/38"}],"collection":[{"href":"http:\/\/www.vipercom.pl\/index.php\/wp-json\/wp\/v2\/pages"}],"about":[{"href":"http:\/\/www.vipercom.pl\/index.php\/wp-json\/wp\/v2\/types\/page"}],"author":[{"embeddable":true,"href":"http:\/\/www.vipercom.pl\/index.php\/wp-json\/wp\/v2\/users\/1"}],"replies":[{"embeddable":true,"href":"http:\/\/www.vipercom.pl\/index.php\/wp-json\/wp\/v2\/comments?post=38"}],"version-history":[{"count":9,"href":"http:\/\/www.vipercom.pl\/index.php\/wp-json\/wp\/v2\/pages\/38\/revisions"}],"predecessor-version":[{"id":148,"href":"http:\/\/www.vipercom.pl\/index.php\/wp-json\/wp\/v2\/pages\/38\/revisions\/148"}],"wp:attachment":[{"href":"http:\/\/www.vipercom.pl\/index.php\/wp-json\/wp\/v2\/media?parent=38"}],"curies":[{"name":"wp","href":"https:\/\/api.w.org\/{rel}","templated":true}]}}