{"id":157,"date":"2019-04-30T07:39:56","date_gmt":"2019-04-30T05:39:56","guid":{"rendered":"http:\/\/www.vipercom.pl\/vipercom\/?page_id=157"},"modified":"2019-05-26T09:15:40","modified_gmt":"2019-05-26T07:15:40","slug":"ulotki-reklamowe","status":"publish","type":"page","link":"http:\/\/www.vipercom.pl\/index.php\/ulotki-reklamowe\/","title":{"rendered":"Ulotki reklamowe"},"content":{"rendered":"\n<p><strong>Ulotki reklamowe<\/strong> mimo swoich niewielkich rozmiar\u00f3w maj\u0105  du\u017c\u0105 moc marketingow\u0105. Docieraj\u0105 do bardzo du\u017cej ilo\u015bci  potencjalnych klient\u00f3w w r\u00f3\u017cnego typu <strong>akcjach promocyjnych,<\/strong> na <strong>targach<\/strong>, na <strong>ulicy<\/strong>, czy <strong>szkoleniach<\/strong>.&nbsp; <\/p>\n\n\n\n<p>Ulotki reklamowe to wci\u0105\u017c najprostszy i jednocze\u015bnie niezwykle efektowny spos\u00f3b na promocj\u0119 firmy lub dzia\u0142alno\u015bci us\u0142ugowej. Od ich formy, kolorystyki,  zamieszczonych tre\u015bci, czytelno\u015bci, sposobu wykonania i metody kolportowania zale\u017cy  rynkowe powodzenie, zainteresowanie oraz skuteczne dotarcie do Klienta. <\/p>\n\n\n\n<p><strong>Projektujemy i drukujemy ulotki reklamowe zapewniaj\u0105c:<\/strong><\/p>\n\n\n\n<ul><li>wykonanie projektu graficznego zgodnego z identyfikacj\u0105 wizualn\u0105 Twojej firmy oraz rodzajem dzia\u0142alno\u015bci; <\/li><li>przygotowanie tre\u015bci i hase\u0142 reklamowych nios\u0105cych kr\u00f3tki i czytelny przekaz;<\/li><li>wysokiej jako\u015bci druk, r\u00f3\u017cnorodno\u015b\u0107 format\u00f3w, proste, sk\u0142adane, dwustronne.<\/li><\/ul>\n\n\n\n<p><strong>Cena druku ulotki reklamowej zale\u017cna jest od:\n                    <\/strong><\/p>\n\n\n\n<ul><li>formatu ulotki (A6, A5, A4, A3, DL, inne nietypowe);<\/li><li>gramatury papieru ulotki (papier kredowy od 90 do 350 g\/m2, naklejka, folia);<\/li><li>wybranej opcji uszlachetnienia (folia matowa, b\u0142yszcz\u0105ca, lakier UV);<\/li><li>zadruk: jednostronny\/dwustronny, bigowanie;<\/li><li>nak\u0142adu druku ulotek (od 100 sztuk)<\/li><\/ul>\n","protected":false},"excerpt":{"rendered":"<p>Ulotki reklamowe mimo swoich niewielkich rozmiar\u00f3w maj\u0105 du\u017c\u0105 moc marketingow\u0105. Docieraj\u0105 do bardzo du\u017cej ilo\u015bci potencjalnych klient\u00f3w w r\u00f3\u017cnego typu akcjach promocyjnych, na targach, na ulicy, czy szkoleniach.&nbsp; Ulotki reklamowe to wci\u0105\u017c najprostszy i jednocze\u015bnie niezwykle efektowny spos\u00f3b na promocj\u0119 firmy lub dzia\u0142alno\u015bci us\u0142ugowej. Od ich formy, kolorystyki, zamieszczonych tre\u015bci, czytelno\u015bci, sposobu wykonania i metody<\/p>\n<p class=\"more-link\"><a href=\"http:\/\/www.vipercom.pl\/index.php\/ulotki-reklamowe\/\" class=\"themebutton2\">Read More<\/a><\/p>\n","protected":false},"author":1,"featured_media":0,"parent":0,"menu_order":0,"comment_status":"closed","ping_status":"closed","template":"","meta":{"footnotes":""},"_links":{"self":[{"href":"http:\/\/www.vipercom.pl\/index.php\/wp-json\/wp\/v2\/pages\/157"}],"collection":[{"href":"http:\/\/www.vipercom.pl\/index.php\/wp-json\/wp\/v2\/pages"}],"about":[{"href":"http:\/\/www.vipercom.pl\/index.php\/wp-json\/wp\/v2\/types\/page"}],"author":[{"embeddable":true,"href":"http:\/\/www.vipercom.pl\/index.php\/wp-json\/wp\/v2\/users\/1"}],"replies":[{"embeddable":true,"href":"http:\/\/www.vipercom.pl\/index.php\/wp-json\/wp\/v2\/comments?post=157"}],"version-history":[{"count":15,"href":"http:\/\/www.vipercom.pl\/index.php\/wp-json\/wp\/v2\/pages\/157\/revisions"}],"predecessor-version":[{"id":208,"href":"http:\/\/www.vipercom.pl\/index.php\/wp-json\/wp\/v2\/pages\/157\/revisions\/208"}],"wp:attachment":[{"href":"http:\/\/www.vipercom.pl\/index.php\/wp-json\/wp\/v2\/media?parent=157"}],"curies":[{"name":"wp","href":"https:\/\/api.w.org\/{rel}","templated":true}]}}